{"id":5656502,"date":"2019-02-07T10:36:33","date_gmt":"2019-02-07T10:36:33","guid":{"rendered":"https:\/\/eurocontract.co.rs\/gallery\/"},"modified":"2023-01-06T12:50:24","modified_gmt":"2023-01-06T12:50:24","slug":"gallery","status":"publish","type":"page","link":"https:\/\/eurocontract.co.rs\/sr\/gallery\/","title":{"rendered":"Galerija"},"content":{"rendered":"[vc_row css=&#8221;.vc_custom_1589039960121{margin-bottom: 35px !important;}&#8221;][vc_column width=&#8221;1\/2&#8243;]<div class=\"norebro-text-sc \" \n\tid=\"norebro-custom-69fc1d66b7543\" \n\t \n\t>\n\n\t<p><span style=\"color: #282e68;\"><strong>EuroContract<\/strong><\/span> je na razli\u010dite na\u010dine realizovao preko 1000 skupova za mnoge nevladine organizacije, dr\u017eavne organe, privatne firme i mnoga udru\u017eenja. Prilo\u017eene fotografije su samo od nekih primera skupova.<\/p>\n\t\n<\/div>[\/vc_column][vc_column width=&#8221;1\/2&#8243;]<div class=\"norebro-text-sc \" \n\tid=\"norebro-custom-69fc1d66b78e5\" \n\t \n\t>\n\n\t<p>Fotografije sa poslednjih skupova i najnovije vesti o <span style=\"color: #282e68;\"><strong>EuroContract<\/strong><\/span>-u mo\u017eete prona\u0107i na na\u0161oj poslovnoj stranici na <a href=\"https:\/\/www.linkedin.com\/company\/eurocontract\"><strong style=\"color: #282e68;\">LinkedIn<\/strong><\/a>-u.<\/p>\n\t\n<\/div>[\/vc_column][\/vc_row][vc_row][vc_column][vc_media_grid gap=&#8221;10&#8243; item=&#8221;5656376&#8243; grid_id=&#8221;vc_gid:1673009386140-2528ad29-3250-2&#8243; include=&#8221;5656939,5656339,5656361,5656343,5656344,5656345,5656368,5656340,5656333,5656349,5656367,5656334,5656352,5656353,5656362,5656363,5656350,5656351,5656332,5656347,5656336,5656337,5656335,5656338,5656354,5656355,5656364,5656365,5656358,5656359,5656348,5656357,5656356,5656331,5656360,5656449,5656450,5656451,5656452,5656453,5656454,5656929&#8243;][\/vc_column][\/vc_row]\n","protected":false},"excerpt":{"rendered":"<p>[vc_row css=&#8221;.vc_custom_1589039960121{margin-bottom: 35px !important;}&#8221;][vc_column width=&#8221;1\/2&#8243;][\/vc_column][vc_column width=&#8221;1\/2&#8243;][\/vc_column][\/vc_row][vc_row][vc_column][vc_media_grid gap=&#8221;10&#8243; item=&#8221;5656376&#8243; grid_id=&#8221;vc_gid:1673009386140-2528ad29-3250-2&#8243; include=&#8221;5656939,5656339,5656361,5656343,5656344,5656345,5656368,5656340,5656333,5656349,5656367,5656334,5656352,5656353,5656362,5656363,5656350,5656351,5656332,5656347,5656336,5656337,5656335,5656338,5656354,5656355,5656364,5656365,5656358,5656359,5656348,5656357,5656356,5656331,5656360,5656449,5656450,5656451,5656452,5656453,5656454,5656929&#8243;][\/vc_column][\/vc_row]<\/p>\n","protected":false},"author":1,"featured_media":0,"parent":0,"menu_order":0,"comment_status":"closed","ping_status":"closed","template":"","meta":[],"acf":[],"_links":{"self":[{"href":"https:\/\/eurocontract.co.rs\/sr\/wp-json\/wp\/v2\/pages\/5656502"}],"collection":[{"href":"https:\/\/eurocontract.co.rs\/sr\/wp-json\/wp\/v2\/pages"}],"about":[{"href":"https:\/\/eurocontract.co.rs\/sr\/wp-json\/wp\/v2\/types\/page"}],"author":[{"embeddable":true,"href":"https:\/\/eurocontract.co.rs\/sr\/wp-json\/wp\/v2\/users\/1"}],"replies":[{"embeddable":true,"href":"https:\/\/eurocontract.co.rs\/sr\/wp-json\/wp\/v2\/comments?post=5656502"}],"version-history":[{"count":7,"href":"https:\/\/eurocontract.co.rs\/sr\/wp-json\/wp\/v2\/pages\/5656502\/revisions"}],"predecessor-version":[{"id":5657855,"href":"https:\/\/eurocontract.co.rs\/sr\/wp-json\/wp\/v2\/pages\/5656502\/revisions\/5657855"}],"wp:attachment":[{"href":"https:\/\/eurocontract.co.rs\/sr\/wp-json\/wp\/v2\/media?parent=5656502"}],"curies":[{"name":"wp","href":"https:\/\/api.w.org\/{rel}","templated":true}]}}