{"id":5656494,"date":"2019-01-30T21:17:21","date_gmt":"2019-01-30T21:17:21","guid":{"rendered":"https:\/\/eurocontract.co.rs\/about-eurocontract\/"},"modified":"2019-02-25T21:15:37","modified_gmt":"2019-02-25T21:15:37","slug":"about-eurocontract","status":"publish","type":"page","link":"https:\/\/eurocontract.co.rs\/sr\/about-eurocontract\/","title":{"rendered":"O nama"},"content":{"rendered":"[vc_row][vc_column][vc_empty_space height=&#8221;80px&#8221;][\/vc_column][\/vc_row][vc_row gap=&#8221;20&#8243;][vc_column width=&#8221;1\/2&#8243;][vc_column_text]<strong><span style=\"color: #282e68;\">EuroContract <\/span><\/strong>je bilo prvo preduze\u0107e u Srbiji koje je, nakon dugogodi\u0161njih ekonomskih sankcija, ponudilo strancima: kompletan paket usluga zastupanja i pravnog savetovanja u regionu, usluge prevo\u0111enja, iznajmljivanje opreme za simultano prevo\u0111enje i organizacije konferencija.[\/vc_column_text][\/vc_column][vc_column width=&#8221;1\/2&#8243;][vc_column_text]Sam naziv <strong><b><span style=\"color: #282e68;\">EuroContract<\/span><\/b><\/strong><strong><b>\u00a0<\/b><\/strong>simbolizuje otvorenost prema svetu i nastavak porodi\u010dne tradicije bavljenja pravom i jezicima.[\/vc_column_text][\/vc_column][\/vc_row][vc_row][vc_column][vc_empty_space height=&#8221;80px&#8221;][\/vc_column][\/vc_row][vc_row full_width=&#8221;stretch_row&#8221; css=&#8221;.vc_custom_1549489445472{background-image: url(https:\/\/media.eurocontract.co.rs\/2019\/02\/about03.jpg?id=5656276) !important;background-position: center !important;background-repeat: no-repeat !important;background-size: cover !important;}&#8221;][vc_column][vc_row_inner][vc_column_inner width=&#8221;2\/3&#8243; css=&#8221;.vc_custom_1549642910217{margin-top: 200px !important;margin-bottom: 200px !important;padding-right: 30px !important;padding-left: 30px !important;background-color: rgba(255,255,255,0.78) !important;background-position: center !important;background-repeat: no-repeat !important;background-size: cover !important;*background-color: rgb(255,255,255) !important;}&#8221; offset=&#8221;vc_col-lg-4&#8243;][vc_column_text]<span style=\"color: #282e68;\"><strong>Nudimo usluge na: arapskom, kineskom, ruskom, bosanskom, hrvatskom, crnogorskom, srpskom, engleskom, francuskom, ma\u0111arskom, nema\u010dkom, italijanskom, rumunskom, bugarskom, makedonskom, albanskom, \u0161panskom, turskom, poljskom, \u010de\u0161kom i mnogim drugim jezicima.<\/strong><\/span>[\/vc_column_text][vc_empty_space height=&#8221;60px&#8221;][\/vc_column_inner][vc_column_inner width=&#8221;1\/3&#8243; offset=&#8221;vc_col-lg-8&#8243;][\/vc_column_inner][\/vc_row_inner][\/vc_column][\/vc_row][vc_row][vc_column][vc_empty_space height=&#8221;80px&#8221;][\/vc_column][\/vc_row][vc_row][vc_column width=&#8221;1\/2&#8243;][vc_column_text]Kako bismo o\u010duvali vrhunske standarde sopstvenih usluga u zadatim rokovima, radimo isklju\u010divo s iskusnim i visokostru\u010dnim prevodiocima, lektorima, pravnicima iz zemlje i inostranstva i ljudima drugih struka \u010diji su doprinosi \u00a0uslugama koje pru\u017eamo klijentima neprocenjivi.[\/vc_column_text][\/vc_column][vc_column width=&#8221;1\/2&#8243;][vc_column_text]Na\u0161i klijenti su fizi\u010dka i pravna lica iz \u010ditavog sveta, iz razli\u010ditih sektora i oblasti poslovanja. Stojimo Vam na raspolaganju.[\/vc_column_text][\/vc_column][\/vc_row][vc_row][vc_column][vc_empty_space height=&#8221;80px&#8221;][\/vc_column][\/vc_row]\n","protected":false},"excerpt":{"rendered":"<p>[vc_row][vc_column][vc_empty_space height=&#8221;80px&#8221;][\/vc_column][\/vc_row][vc_row gap=&#8221;20&#8243;][vc_column width=&#8221;1\/2&#8243;][vc_column_text]EuroContract je bilo prvo preduze\u0107e u Srbiji koje je, nakon dugogodi\u0161njih&#8230;<\/p>\n","protected":false},"author":1,"featured_media":0,"parent":0,"menu_order":0,"comment_status":"closed","ping_status":"closed","template":"","meta":[],"acf":[],"_links":{"self":[{"href":"https:\/\/eurocontract.co.rs\/sr\/wp-json\/wp\/v2\/pages\/5656494"}],"collection":[{"href":"https:\/\/eurocontract.co.rs\/sr\/wp-json\/wp\/v2\/pages"}],"about":[{"href":"https:\/\/eurocontract.co.rs\/sr\/wp-json\/wp\/v2\/types\/page"}],"author":[{"embeddable":true,"href":"https:\/\/eurocontract.co.rs\/sr\/wp-json\/wp\/v2\/users\/1"}],"replies":[{"embeddable":true,"href":"https:\/\/eurocontract.co.rs\/sr\/wp-json\/wp\/v2\/comments?post=5656494"}],"version-history":[{"count":0,"href":"https:\/\/eurocontract.co.rs\/sr\/wp-json\/wp\/v2\/pages\/5656494\/revisions"}],"wp:attachment":[{"href":"https:\/\/eurocontract.co.rs\/sr\/wp-json\/wp\/v2\/media?parent=5656494"}],"curies":[{"name":"wp","href":"https:\/\/api.w.org\/{rel}","templated":true}]}}